{"id":2790,"date":"2024-12-26T11:35:42","date_gmt":"2024-12-26T11:35:42","guid":{"rendered":"https:\/\/pravobranilastvobd.ba\/sr\/?page_id=2790"},"modified":"2025-03-31T11:03:48","modified_gmt":"2025-03-31T11:03:48","slug":"saopstenje-za-javnost","status":"publish","type":"page","link":"https:\/\/pravobranilastvobd.ba\/sr\/saopstenje-za-javnost\/","title":{"rendered":"\u0421\u0430\u043e\u043f\u0448\u0442\u0435\u045a\u0435 \u0437\u0430 \u0458\u0430\u0432\u043d\u043e\u0441\u0442"},"content":{"rendered":"\t\t<div data-elementor-type=\"wp-page\" data-elementor-id=\"2790\" class=\"elementor elementor-2790\">\n\t\t\t\t\t\t<section class=\"elementor-section elementor-top-section elementor-element elementor-element-f2af29a elementor-section-full_width elementor-section-height-default elementor-section-height-default\" data-id=\"f2af29a\" data-element_type=\"section\" data-e-type=\"section\">\n\t\t\t\t\t\t<div class=\"elementor-container elementor-column-gap-default\">\n\t\t\t\t\t<div class=\"elementor-column elementor-col-100 elementor-top-column elementor-element elementor-element-5d61d51\" data-id=\"5d61d51\" data-element_type=\"column\" data-e-type=\"column\">\n\t\t\t<div class=\"elementor-widget-wrap elementor-element-populated\">\n\t\t\t\t\t\t<section class=\"elementor-section elementor-inner-section elementor-element elementor-element-dcc6043 elementor-section-boxed elementor-section-height-default elementor-section-height-default\" data-id=\"dcc6043\" data-element_type=\"section\" data-e-type=\"section\">\n\t\t\t\t\t\t<div class=\"elementor-container elementor-column-gap-default\">\n\t\t\t\t\t<div class=\"elementor-column elementor-col-100 elementor-inner-column elementor-element elementor-element-f8d1752\" data-id=\"f8d1752\" data-element_type=\"column\" data-e-type=\"column\">\n\t\t\t<div class=\"elementor-widget-wrap elementor-element-populated\">\n\t\t\t\t\t\t\t<\/div>\n\t\t<\/div>\n\t\t\t\t\t<\/div>\n\t\t<\/section>\n\t\t\t\t\t<\/div>\n\t\t<\/div>\n\t\t\t\t\t<\/div>\n\t\t<\/section>\n\t\t\t\t<\/div>\n\t\t","protected":false},"excerpt":{"rendered":"<p>Slu\u017ebenik Aliq is notm hendr erit a augue insu image pellen simply&hellip; Pro\u010ditajte vi\u0161e<\/p>\n","protected":false},"author":1,"featured_media":0,"parent":0,"menu_order":0,"comment_status":"closed","ping_status":"closed","template":"tpl-default-elementor.php","meta":{"footnotes":""},"class_list":["post-2790","page","type-page","status-publish","hentry"],"aioseo_notices":[],"_links":{"self":[{"href":"https:\/\/pravobranilastvobd.ba\/sr\/wp-json\/wp\/v2\/pages\/2790","targetHints":{"allow":["GET"]}}],"collection":[{"href":"https:\/\/pravobranilastvobd.ba\/sr\/wp-json\/wp\/v2\/pages"}],"about":[{"href":"https:\/\/pravobranilastvobd.ba\/sr\/wp-json\/wp\/v2\/types\/page"}],"author":[{"embeddable":true,"href":"https:\/\/pravobranilastvobd.ba\/sr\/wp-json\/wp\/v2\/users\/1"}],"replies":[{"embeddable":true,"href":"https:\/\/pravobranilastvobd.ba\/sr\/wp-json\/wp\/v2\/comments?post=2790"}],"version-history":[{"count":11,"href":"https:\/\/pravobranilastvobd.ba\/sr\/wp-json\/wp\/v2\/pages\/2790\/revisions"}],"predecessor-version":[{"id":3677,"href":"https:\/\/pravobranilastvobd.ba\/sr\/wp-json\/wp\/v2\/pages\/2790\/revisions\/3677"}],"wp:attachment":[{"href":"https:\/\/pravobranilastvobd.ba\/sr\/wp-json\/wp\/v2\/media?parent=2790"}],"curies":[{"name":"wp","href":"https:\/\/api.w.org\/{rel}","templated":true}]}}