{"id":2768,"date":"2024-12-26T10:45:50","date_gmt":"2024-12-26T10:45:50","guid":{"rendered":"https:\/\/pravobranilastvobd.ba\/sr\/?page_id=2768"},"modified":"2025-05-27T09:29:48","modified_gmt":"2025-05-27T09:29:48","slug":"izvjestaj-o-radu","status":"publish","type":"page","link":"https:\/\/pravobranilastvobd.ba\/sr\/izvjestaj-o-radu\/","title":{"rendered":"\u0418\u0437\u0432\u0458\u0435\u0448\u0442\u0430\u0458 \u043e \u0440\u0430\u0434\u0443"},"content":{"rendered":"\t\t<div data-elementor-type=\"wp-page\" data-elementor-id=\"2768\" class=\"elementor elementor-2768\">\n\t\t\t\t\t\t<section class=\"elementor-section elementor-top-section elementor-element elementor-element-f2af29a elementor-section-full_width elementor-section-height-default elementor-section-height-default\" data-id=\"f2af29a\" data-element_type=\"section\" data-e-type=\"section\">\n\t\t\t\t\t\t<div class=\"elementor-container elementor-column-gap-default\">\n\t\t\t\t\t<div class=\"elementor-column elementor-col-100 elementor-top-column elementor-element elementor-element-5d61d51\" data-id=\"5d61d51\" data-element_type=\"column\" data-e-type=\"column\">\n\t\t\t<div class=\"elementor-widget-wrap elementor-element-populated\">\n\t\t\t\t\t\t<section class=\"elementor-section elementor-inner-section elementor-element elementor-element-dcc6043 elementor-section-boxed elementor-section-height-default elementor-section-height-default\" data-id=\"dcc6043\" data-element_type=\"section\" data-e-type=\"section\">\n\t\t\t\t\t\t<div class=\"elementor-container elementor-column-gap-default\">\n\t\t\t\t\t<div class=\"elementor-column elementor-col-100 elementor-inner-column elementor-element elementor-element-f8d1752\" data-id=\"f8d1752\" data-element_type=\"column\" data-e-type=\"column\">\n\t\t\t<div class=\"elementor-widget-wrap elementor-element-populated\">\n\t\t\t\t\t\t<div class=\"elementor-element elementor-element-ffc1a16 elementor-widget elementor-widget-towngov_department_grid\" data-id=\"ffc1a16\" data-element_type=\"widget\" data-e-type=\"widget\" data-widget_type=\"towngov_department_grid.default\">\n\t\t\t\t<div class=\"elementor-widget-container\">\n\t\t\t\t\t\t\r\n        \r\n    <div class=\"row row-gutter-30\">\r\n                        <div class=\"col-lg-4 col-xl-4\">\r\n            <div class=\"department-two-card\">\r\n                <div class=\"department-two-imgbox\">\r\n                    <div class=\"department-two-img\">\r\n                        <div class=\"img-fluid\"><img fetchpriority=\"high\" decoding=\"async\" width=\"376\" height=\"251\" src=\"https:\/\/pravobranilastvobd.ba\/sr\/wp-content\/uploads\/sites\/5\/2025\/02\/Izvjestaj-376x251.png\" class=\"attachment-towngov_376x251 size-towngov_376x251 wp-post-image\" alt=\"\" \/><\/div>\r\n                        <a href=\"https:\/\/pravobranilastvobd.ba\/sr\/blog\/department\/izvjestaj-za-2024-godinu\/\"><\/a>\r\n                    <\/div><!-- department-two-img -->\r\n                    <div class=\"department-two-img-icon\">\r\n                        <a href=\"https:\/\/pravobranilastvobd.ba\/sr\/blog\/department\/izvjestaj-za-2024-godinu\/\"><i class=\"icon flaticon-briefcase\"><\/i><\/a>\r\n                    <\/div><!-- department-two-img-icon -->\r\n                <\/div><!-- department-two-imgbox -->\r\n                <div class=\"department-two-content tg-content-box\">\r\n                    <h4 class=\"tg-service-title\"><a href=\"https:\/\/pravobranilastvobd.ba\/sr\/blog\/department\/izvjestaj-za-2024-godinu\/\">\u0418\u0437\u0432\u0458\u0435\u0448\u0442\u0430\u0458 \u043e \u0440\u0430\u0434\u0443 \u0437\u0430 2024. \u0433\u043e\u0434\u0438\u043d\u0443<\/a><\/h4>\r\n                    <p class=\"tg-service-text\">\u0418\u0437\u0432\u0458\u0435\u0448\u0442\u0430\u0458 \u043e \u0440\u0430\u0434\u0443 \u041f\u0440\u0430\u0432\u043e\u0431\u0440\u0430\u043d\u0438\u043b\u0430\u0448\u0442\u0432\u0430 \u0411\u0414 \u0411\u0418\u0425 \u0437\u0430 2024. \u0433\u043e\u0434\u0438\u043d\u0443<\/p>\r\n                    <div class=\"department-two-button tg-service-btn\">\r\n                        <a href=\"https:\/\/pravobranilastvobd.ba\/sr\/blog\/department\/izvjestaj-za-2024-godinu\/\">\r\n                        \t                            <i class=\"fas fa-long-arrow-alt-right\"><\/i>                                                        <span>\r\n                                                                    \u041f\u0440\u043e\u0447\u0438\u0442\u0430\u0458\u0442\u0435 \u0432\u0438\u0448\u0435                                 \r\n                            <\/span>\t\r\n                        <\/a>\r\n                    <\/div><!-- department-two-button -->\r\n                <\/div><!-- department-two-content -->\r\n            <\/div><!--department-two-card-->\r\n        <\/div><!-- col-12 col-lg-4 -->\r\n              \r\n    <\/div><!-- row -->\r\n           \r\n\t\t\t\t\t\t\t<\/div>\n\t\t\t\t<\/div>\n\t\t\t\t\t<\/div>\n\t\t<\/div>\n\t\t\t\t\t<\/div>\n\t\t<\/section>\n\t\t\t\t\t<\/div>\n\t\t<\/div>\n\t\t\t\t\t<\/div>\n\t\t<\/section>\n\t\t\t\t<\/div>\n\t\t","protected":false},"excerpt":{"rendered":"<p>Izvje\u0161taj za 2025. godinu U oblasti pravne za\u0161tite javne imovine, Pravobranila\u0161tvo je sprovelo reviziju vlasni\u010dkih&hellip; \u041f\u0440\u043e\u0447\u0438\u0442\u0430\u0458\u0442\u0435 \u0432\u0438\u0448\u0435 Izvje\u0161taj o radu za 2024. godinu \u0418\u0437\u0432\u0458\u0435\u0448\u0442\u0430\u0458 \u043e \u0440\u0430\u0434\u0443 \u041f\u0440\u0430\u0432\u043e\u0431\u0440\u0430\u043d\u0438\u043b\u0430\u0448\u0442\u0432\u0430 \u0411\u0414 \u0411\u0418\u0425 \u0437\u0430 [&hellip;]<\/p>\n","protected":false},"author":1,"featured_media":0,"parent":0,"menu_order":0,"comment_status":"closed","ping_status":"closed","template":"tpl-default-elementor.php","meta":{"footnotes":""},"class_list":["post-2768","page","type-page","status-publish","hentry"],"aioseo_notices":[],"_links":{"self":[{"href":"https:\/\/pravobranilastvobd.ba\/sr\/wp-json\/wp\/v2\/pages\/2768","targetHints":{"allow":["GET"]}}],"collection":[{"href":"https:\/\/pravobranilastvobd.ba\/sr\/wp-json\/wp\/v2\/pages"}],"about":[{"href":"https:\/\/pravobranilastvobd.ba\/sr\/wp-json\/wp\/v2\/types\/page"}],"author":[{"embeddable":true,"href":"https:\/\/pravobranilastvobd.ba\/sr\/wp-json\/wp\/v2\/users\/1"}],"replies":[{"embeddable":true,"href":"https:\/\/pravobranilastvobd.ba\/sr\/wp-json\/wp\/v2\/comments?post=2768"}],"version-history":[{"count":18,"href":"https:\/\/pravobranilastvobd.ba\/sr\/wp-json\/wp\/v2\/pages\/2768\/revisions"}],"predecessor-version":[{"id":3798,"href":"https:\/\/pravobranilastvobd.ba\/sr\/wp-json\/wp\/v2\/pages\/2768\/revisions\/3798"}],"wp:attachment":[{"href":"https:\/\/pravobranilastvobd.ba\/sr\/wp-json\/wp\/v2\/media?parent=2768"}],"curies":[{"name":"wp","href":"https:\/\/api.w.org\/{rel}","templated":true}]}}