{"id":2735,"date":"2024-12-25T15:12:11","date_gmt":"2024-12-25T15:12:11","guid":{"rendered":"https:\/\/pravobranilastvobd.ba\/sr\/?page_id=2735"},"modified":"2025-03-31T11:33:33","modified_gmt":"2025-03-31T11:33:33","slug":"nadleznost","status":"publish","type":"page","link":"https:\/\/pravobranilastvobd.ba\/sr\/nadleznost\/","title":{"rendered":"\u041d\u0430\u0434\u043b\u0435\u0436\u043d\u043e\u0441\u0442"},"content":{"rendered":"\t\t<div data-elementor-type=\"wp-page\" data-elementor-id=\"2735\" class=\"elementor elementor-2735\">\n\t\t\t\t\t\t<section class=\"elementor-section elementor-top-section elementor-element elementor-element-321e04b elementor-section-full_width elementor-section-height-default elementor-section-height-default\" data-id=\"321e04b\" data-element_type=\"section\" data-e-type=\"section\">\n\t\t\t\t\t\t<div class=\"elementor-container elementor-column-gap-default\">\n\t\t\t\t\t<div class=\"elementor-column elementor-col-100 elementor-top-column elementor-element elementor-element-7eb4150\" data-id=\"7eb4150\" data-element_type=\"column\" data-e-type=\"column\">\n\t\t\t<div class=\"elementor-widget-wrap elementor-element-populated\">\n\t\t\t\t\t\t<section class=\"elementor-section elementor-inner-section elementor-element elementor-element-5aabced elementor-section-boxed elementor-section-height-default elementor-section-height-default\" data-id=\"5aabced\" data-element_type=\"section\" data-e-type=\"section\">\n\t\t\t\t\t\t<div class=\"elementor-container elementor-column-gap-default\">\n\t\t\t\t\t<div class=\"elementor-column elementor-col-100 elementor-inner-column elementor-element elementor-element-89a496e\" data-id=\"89a496e\" data-element_type=\"column\" data-e-type=\"column\">\n\t\t\t<div class=\"elementor-widget-wrap elementor-element-populated\">\n\t\t\t\t\t\t<div class=\"elementor-element elementor-element-5cc8e05 elementor-widget elementor-widget-towngov_hero_title\" data-id=\"5cc8e05\" data-element_type=\"widget\" data-e-type=\"widget\" data-widget_type=\"towngov_hero_title.default\">\n\t\t\t\t<div class=\"elementor-widget-container\">\n\t\t\t\t\t    \r\n        <div class=\"section-title-box te-align \">\r\n        \t<div class=\"section-tagline te-subtitle\">\u0421\u0410\u0417\u041d\u0410\u0408\u0422\u0415<\/div>            <h2 class=\"section-title te-title towngov-size-default\">\u0424\u0443\u043d\u043a\u0446\u0438\u0458\u0430 \u0438 \u043d\u0430\u0434\u043b\u0435\u0436\u043d\u043e\u0441\u0442 \u041f\u0440\u0430\u0432\u043e\u0431\u0440\u0430\u043d\u0438\u043b\u0430\u0448\u0442\u0432\u0430 \u0414\u0438\u0441\u0442\u0440\u0438\u043a\u0442\u0430 \u0411\u0440\u0447\u043a\u043e<\/h2>                        <div class=\"sec-title__text te-text\"><p>\u041f\u0440\u0430\u0432\u043e\u0431\u0440\u0430\u043d\u0438\u043b\u0430\u0448\u0442\u0432\u043e \u043e\u0431\u0430\u0432\u0459\u0430 \u043f\u043e\u0441\u043b\u043e\u0432\u0435 \u043f\u0440\u0430\u0432\u043d\u0435 \u0437\u0430\u0448\u0442\u0438\u0442\u0435 \u0458\u0430\u0432\u043d\u0435 \u0438\u043c\u043e\u0432\u0438\u043d\u0435, \u0438\u043c\u043e\u0432\u0438\u043d\u0441\u043a\u0438\u0445 \u043f\u0440\u0430\u0432\u0430 \u0438 \u0438\u043c\u043e\u0432\u0438\u043d\u0441\u043a\u0438\u0445 \u0438\u043d\u0442\u0435\u0440\u0435\u0441\u0430 \u0411\u0440\u0447\u043a\u043e \u0434\u0438\u0441\u0442\u0440\u0438\u043a\u0442\u0430 \u0411\u0438\u0425, \u045a\u0435\u0433\u043e\u0432\u0438\u0445 \u043e\u0440\u0433\u0430\u043d\u0430, \u0438\u043d\u0441\u0442\u0438\u0442\u0443\u0446\u0438\u0458\u0430 \u0438 \u043f\u0440\u0430\u0432\u043d\u0438\u0445 \u043b\u0438\u0446\u0430 \u043a\u043e\u0458\u0430 \u0441\u0435 \u0444\u0438\u043d\u0430\u043d\u0441\u0438\u0440\u0430\u0458\u0443 \u0443 \u043f\u043e\u0442\u043f\u0443\u043d\u043e\u0441\u0442\u0438 \u0438\u043b\u0438 \u043f\u0440\u0435\u0442\u0435\u0436\u043d\u043e \u0438\u0437 \u0431\u0443\u045f\u0435\u0442\u0430 \u0411\u0440\u0447\u043a\u043e \u0434\u0438\u0441\u0442\u0440\u0438\u043a\u0442\u0430 \u0411\u0438\u0425 \u0438\u043b\u0438 \u0443 \u043e\u0434\u043d\u043e\u0441\u0443 \u043d\u0430 \u045a\u0438\u0445 \u0411\u0440\u0447\u043a\u043e \u0434\u0438\u0441\u0442\u0440\u0438\u043a\u0442 \u0411\u0438\u0425 \u0432\u0440\u0448\u0438 \u043e\u0441\u043d\u0438\u0432\u0430\u0447\u043a\u0430 \u043f\u0440\u0430\u0432\u0430, \u0438 \u0443 \u043f\u043e\u0441\u0442\u0443\u043f\u0446\u0438\u043c\u0430 \u043f\u0440\u0435\u0434 \u0441\u0443\u0434\u043e\u0432\u0438\u043c\u0430 \u0438 \u0434\u0440\u0443\u0433\u0438\u043c \u043d\u0430\u0434\u043b\u0435\u0436\u043d\u0438\u043c \u043e\u0440\u0433\u0430\u043d\u0438\u043c\u0430 \u043f\u0440\u0435\u0434\u0443\u0437\u0438\u043c\u0430 \u0437\u0430\u043a\u043e\u043d\u043e\u043c \u043e\u0434\u0440\u0435\u0452\u0435\u043d\u0435 \u043f\u043e\u0441\u0442\u0443\u043f\u043a\u0435 \u0438 \u043c\u0458\u0435\u0440\u0435 \u0437\u0430 \u0437\u0430\u0448\u0442\u0438\u0442\u0443 \u0458\u0430\u0432\u043d\u0435 \u0438\u043c\u043e\u0432\u0438\u043d\u0435, \u0438\u043c\u043e\u0432\u0438\u043d\u0441\u043a\u0438\u0445 \u043f\u0440\u0430\u0432\u0430 \u0438 \u0438\u043c\u043e\u0432\u0438\u043d\u0441\u043a\u0438\u0445 \u0438\u043d\u0442\u0435\u0440\u0435\u0441\u0430 \u0411\u0440\u0447\u043a\u043e \u0434\u0438\u0441\u0442\u0440\u0438\u043a\u0442\u0430 \u0411\u0438\u0425.<\/p><p>\u041d\u0430\u0432\u0435\u0434\u0435\u043d\u0435 \u043f\u043e\u0441\u043b\u043e\u0432\u0435 \u041f\u0440\u0430\u0432\u043e\u0431\u0440\u0430\u043d\u0438\u043b\u0430\u0448\u0442\u0432\u043e \u043e\u0431\u0430\u0432\u0459\u0430 \u0438 \u0443 \u043e\u0434\u043d\u043e\u0441\u0443 \u043d\u0430 \u043f\u0440\u0435\u0434\u0443\u0437\u0435\u045b\u0430 \u0443 \u0432\u0435\u045b\u0438\u043d\u0441\u043a\u043e\u043c \u0432\u043b\u0430\u0441\u043d\u0438\u0448\u0442\u0432\u0443 \u0411\u0440\u0447\u043a\u043e \u0434\u0438\u0441\u0442\u0440\u0438\u043a\u0442\u0430 \u0411\u0438\u0425 \u043e\u0441\u0438\u043c \u0443 \u043f\u0440\u0435\u0434\u043c\u0435\u0442\u0438\u043d\u0430 \u0440\u0430\u0434\u0438 \u043d\u0430\u043f\u043b\u0430\u0442\u0435 \u043f\u043e\u0442\u0440\u0430\u0436\u0438\u0432\u0430\u045a\u0430 \u0437\u0430 \u0443\u0442\u0440\u043e\u0448\u0435\u043d\u0443 \u0441\u0442\u0440\u0443\u0458\u0443, \u0432\u043e\u0434\u0443, \u043e\u0434\u0432\u043e\u0437 \u0441\u043c\u0435\u045b\u0430 (\u0438 \u0434\u0440\u0443\u0433\u0435 \u043a\u043e\u043c\u0443\u043d\u0430\u043b\u0438\u0458\u0435 \u0438 \u0443\u0441\u043b\u0443\u0433\u0435) \u0443\u043a\u043e\u043b\u0438\u043a\u043e \u043e\u0432\u0438 \u0438\u0437\u043d\u043e\u0441\u0438 \u043d\u0435 \u043f\u0440\u0435\u043b\u0430\u0437\u0435 \u043b\u0438\u043c\u0438\u0442 \u043e\u0434 15.000,00 \u041a\u041c, \u043a\u0430\u043e \u0438 \u0443 \u0434\u0440\u0443\u0433\u0438\u043c \u043f\u0440\u0435\u0434\u043c\u0435\u0442\u0438\u043c\u0430 \u0447\u0438\u0458\u0430 \u0458\u0435 \u0432\u0440\u0438\u0458\u0435\u0434\u043d\u043e\u0441\u0442 \u0438\u0441\u043f\u043e\u0434 \u043b\u0438\u043c\u0438\u0442\u0430 \u043f\u0440\u043e\u043f\u0438\u0441\u0430\u043d\u043e\u0433 \u043e\u0434 15.000,00 \u041a\u041c.<\/p><p>\u0410\u043a\u043e \u041f\u0440\u0430\u0432\u043e\u0431\u0440\u0430\u043d\u0438\u043b\u0430\u0448\u0442\u0432\u043e \u0442\u0440\u0435\u0431\u0430 \u0434\u0430 \u0437\u0430\u0441\u0442\u0443\u043f\u0430 \u0441\u0442\u0440\u0430\u043d\u043a\u0435 \u0447\u0438\u0458\u0438 \u0441\u0443 \u0438\u043d\u0442\u0435\u0440\u0435\u0441\u0438 \u0443 \u0441\u0443\u043f\u0440\u043e\u0442\u043d\u043e\u0441\u0442\u0438, \u0430 \u0458\u0435\u0434\u043d\u0430 \u043e\u0434 \u045a\u0438\u0445 \u0458\u0435 \u0411\u0440\u0447\u043a\u043e \u0434\u0438\u0441\u0442\u0440\u0438\u043a\u0442 \u0411\u0438\u0425, \u041f\u0440\u0430\u0432\u043e\u0431\u0440\u0430\u043d\u0438\u043b\u0430\u0448\u0442\u0432\u043e \u0437\u0430\u0441\u0442\u0443\u043f\u0430 \u0411\u0440\u0447\u043a\u043e \u0434\u0438\u0441\u0442\u0440\u0438\u043a\u0442 \u0411\u0438\u0425.<\/p><p>\u0423 \u0441\u043b\u0443\u0447\u0430\u0458\u0443 \u0434\u0430 \u041f\u0440\u0430\u0432\u043e\u0431\u0440\u0430\u043d\u0438\u043b\u0430\u0448\u0442\u0432\u043e \u0442\u0440\u0435\u0431\u0430 \u0434\u0430 \u0437\u0430\u0441\u0442\u0443\u043f\u0430 \u0441\u0442\u0440\u0430\u043d\u043a\u0435 \u0447\u0438\u0458\u0438 \u0441\u0443 \u0438\u043d\u0442\u0435\u0440\u0435\u0441\u0438 \u0443 \u0441\u0443\u043f\u0440\u043e\u0442\u043d\u043e\u0441\u0442\u0438, \u0430 \u043d\u0438 \u0458\u0435\u0434\u043d\u0430 \u043e\u0434 \u0442\u0438\u0445 \u0441\u0442\u0440\u0430\u043d\u0430\u043a\u0430 \u043d\u0438\u0458\u0435 \u0411\u0440\u0447\u043a\u043e \u0434\u0438\u0441\u0442\u0440\u0438\u043a\u0442 \u0411\u0438\u0425, \u041f\u0440\u0430\u0432\u043e\u0431\u0440\u0430\u043d\u0438\u043b\u0430\u0448\u0442\u0432\u043e \u043d\u0435\u045b\u0435 \u0437\u0430\u0441\u0442\u0443\u043f\u0430\u0442\u0438 \u0442\u0435 \u0441\u0442\u0440\u0430\u043d\u043a\u0435.<\/p><p>\u041f\u0440\u0438 \u043e\u0431\u0430\u0432\u0459\u0430\u045a\u0443 \u043f\u043e\u0441\u043b\u043e\u0432\u0430, \u041f\u0440\u0430\u0432\u043e\u0431\u0440\u0430\u043d\u0438\u043b\u0430\u0448\u0442\u0432\u043e \u043c\u043e\u0436\u0435 \u043f\u043e\u043a\u0440\u0435\u0442\u0430\u0442\u0438 \u0438 \u043f\u043e\u0441\u0442\u0443\u043f\u043a\u0435 \u043f\u0440\u043e\u0442\u0438\u0432 \u0411\u0440\u0447\u043a\u043e \u0434\u0438\u0441\u0442\u0440\u0438\u043a\u0442\u0430 \u0411\u0438\u0425 \u0442\u0435 \u0443 \u0442\u043e\u043c \u0441\u043b\u0443\u0447\u0430\u0458\u0443 \u0438\u043c\u0430 \u0441\u0432\u043e\u0458\u0441\u0442\u0432\u043e \u0441\u0442\u0440\u0430\u043d\u043a\u0435 \u0443 \u043f\u043e\u0441\u0442\u0443\u043f\u043a\u0443.<\/p><\/div>\r\n                    <\/div><!-- section-title-box -->\r\n    \r\n    \t\t\t\t<\/div>\n\t\t\t\t<\/div>\n\t\t\t\t<div class=\"elementor-element elementor-element-4e7a264 elementor-widget elementor-widget-text-editor\" data-id=\"4e7a264\" data-element_type=\"widget\" data-e-type=\"widget\" data-widget_type=\"text-editor.default\">\n\t\t\t\t<div class=\"elementor-widget-container\">\n\t\t\t\t\t\t\t\t\t<p><strong>Tako\u0111e, Pravobranila\u0161tvo prati i prou\u010dava stanje i probleme iz svoje nadle\u017enosti i obavje\u0161tava nadle\u017ene institucije i predla\u017ee mjere za sprije\u010davanje dru\u0161tveno \u0161tetnih pojava.<\/strong><\/p>\t\t\t\t\t\t\t\t<\/div>\n\t\t\t\t<\/div>\n\t\t\t\t\t<\/div>\n\t\t<\/div>\n\t\t\t\t\t<\/div>\n\t\t<\/section>\n\t\t\t\t\t<\/div>\n\t\t<\/div>\n\t\t\t\t\t<\/div>\n\t\t<\/section>\n\t\t\t\t<section class=\"elementor-section elementor-top-section elementor-element elementor-element-95f3b04 elementor-section-full_width elementor-section-height-default elementor-section-height-default\" data-id=\"95f3b04\" data-element_type=\"section\" data-e-type=\"section\">\n\t\t\t\t\t\t<div class=\"elementor-container elementor-column-gap-default\">\n\t\t\t\t\t<div class=\"elementor-column elementor-col-100 elementor-top-column elementor-element elementor-element-62d1726\" data-id=\"62d1726\" data-element_type=\"column\" data-e-type=\"column\">\n\t\t\t<div class=\"elementor-widget-wrap elementor-element-populated\">\n\t\t\t\t\t\t<section class=\"elementor-section elementor-inner-section elementor-element elementor-element-f410599 elementor-hidden-desktop elementor-hidden-tablet elementor-hidden-mobile elementor-section-boxed elementor-section-height-default elementor-section-height-default\" data-id=\"f410599\" data-element_type=\"section\" data-e-type=\"section\">\n\t\t\t\t\t\t<div class=\"elementor-container elementor-column-gap-default\">\n\t\t\t\t\t<div class=\"elementor-column elementor-col-100 elementor-inner-column elementor-element elementor-element-4818136\" data-id=\"4818136\" data-element_type=\"column\" data-e-type=\"column\">\n\t\t\t<div class=\"elementor-widget-wrap elementor-element-populated\">\n\t\t\t\t\t\t<div class=\"elementor-element elementor-element-9890d81 elementor-widget elementor-widget-towngov_client_section\" data-id=\"9890d81\" data-element_type=\"widget\" data-e-type=\"widget\" data-widget_type=\"towngov_client_section.default\">\n\t\t\t\t<div class=\"elementor-widget-container\">\n\t\t\t\t\t    \r\n    <section class=\"client-section\">\r\n\t\t\t\t<div class=\"container\">\r\n\t\t\t<div class=\"client-carousel owl-carousel owl-theme owl-dots-none owl-nav-none\" id=\"client-slider\" data-slider=\"{&quot;infinite&quot;:true,&quot;autoplay&quot;:true,&quot;autoplaySpeed&quot;:&quot;2500&quot;,&quot;dots&quot;:false,&quot;nav&quot;:false,&quot;item_gap&quot;:30,&quot;item_show&quot;:5}\">\r\n\t\t\t\t                <div class=\"item\">\r\n\t\t\t\t\t<img decoding=\"async\" src=\"https:\/\/pravobranilastvobd.ba\/sr\/wp-content\/uploads\/sites\/5\/2025\/03\/pbd-logo-sajt.png\" class=\"img-fluid\" alt=\"Awesome Image\">\r\n\t\t\t\t<\/div><!--item-->\r\n                                <div class=\"item\">\r\n\t\t\t\t\t<img decoding=\"async\" src=\"https:\/\/pravobranilastvobd.ba\/sr\/wp-content\/uploads\/sites\/5\/2025\/03\/pbd-logo-sajt.png\" class=\"img-fluid\" alt=\"Awesome Image\">\r\n\t\t\t\t<\/div><!--item-->\r\n                                <div class=\"item\">\r\n\t\t\t\t\t<img decoding=\"async\" src=\"https:\/\/pravobranilastvobd.ba\/sr\/wp-content\/uploads\/sites\/5\/2025\/03\/pbd-logo-sajt.png\" class=\"img-fluid\" alt=\"Awesome Image\">\r\n\t\t\t\t<\/div><!--item-->\r\n                                <div class=\"item\">\r\n\t\t\t\t\t<img decoding=\"async\" src=\"https:\/\/pravobranilastvobd.ba\/sr\/wp-content\/uploads\/sites\/5\/2025\/03\/pbd-logo-sajt.png\" class=\"img-fluid\" alt=\"Awesome Image\">\r\n\t\t\t\t<\/div><!--item-->\r\n                                <div class=\"item\">\r\n\t\t\t\t\t<img decoding=\"async\" src=\"https:\/\/pravobranilastvobd.ba\/sr\/wp-content\/uploads\/sites\/5\/2025\/03\/pbd-logo-sajt.png\" class=\"img-fluid\" alt=\"Awesome Image\">\r\n\t\t\t\t<\/div><!--item-->\r\n                                <div class=\"item\">\r\n\t\t\t\t\t<img decoding=\"async\" src=\"https:\/\/pravobranilastvobd.ba\/sr\/wp-content\/uploads\/sites\/5\/2025\/03\/pbd-logo-sajt.png\" class=\"img-fluid\" alt=\"Awesome Image\">\r\n\t\t\t\t<\/div><!--item-->\r\n                                <div class=\"item\">\r\n\t\t\t\t\t<img decoding=\"async\" src=\"https:\/\/pravobranilastvobd.ba\/sr\/wp-content\/uploads\/sites\/5\/2025\/03\/pbd-logo-sajt.png\" class=\"img-fluid\" alt=\"Awesome Image\">\r\n\t\t\t\t<\/div><!--item-->\r\n                                <div class=\"item\">\r\n\t\t\t\t\t<img decoding=\"async\" src=\"https:\/\/pravobranilastvobd.ba\/sr\/wp-content\/uploads\/sites\/5\/2025\/03\/pbd-logo-sajt.png\" class=\"img-fluid\" alt=\"Awesome Image\">\r\n\t\t\t\t<\/div><!--item-->\r\n                \t\t\t<\/div><!--client-carousel owl-carousel owl-theme-->\r\n\t\t<\/div><!--container-->\r\n\t<\/section><!--client-section-->\r\n    \r\n      \t\t\t\t<\/div>\n\t\t\t\t<\/div>\n\t\t\t\t\t<\/div>\n\t\t<\/div>\n\t\t\t\t\t<\/div>\n\t\t<\/section>\n\t\t\t\t\t<\/div>\n\t\t<\/div>\n\t\t\t\t\t<\/div>\n\t\t<\/section>\n\t\t\t\t<\/div>\n\t\t","protected":false},"excerpt":{"rendered":"<p>\u0421\u0410\u0417\u041d\u0410\u0408\u0422\u0415 \u0424\u0443\u043d\u043a\u0446\u0438\u0458\u0430 \u0438 \u043d\u0430\u0434\u043b\u0435\u0436\u043d\u043e\u0441\u0442 \u041f\u0440\u0430\u0432\u043e\u0431\u0440\u0430\u043d\u0438\u043b\u0430\u0448\u0442\u0432\u0430 \u0414\u0438\u0441\u0442\u0440\u0438\u043a\u0442\u0430 \u0411\u0440\u0447\u043a\u043e \u041f\u0440\u0430\u0432\u043e\u0431\u0440\u0430\u043d\u0438\u043b\u0430\u0448\u0442\u0432\u043e \u043e\u0431\u0430\u0432\u0459\u0430 \u043f\u043e\u0441\u043b\u043e\u0432\u0435 \u043f\u0440\u0430\u0432\u043d\u0435 \u0437\u0430\u0448\u0442\u0438\u0442\u0435 \u0458\u0430\u0432\u043d\u0435 \u0438\u043c\u043e\u0432\u0438\u043d\u0435, \u0438\u043c\u043e\u0432\u0438\u043d\u0441\u043a\u0438\u0445 \u043f\u0440\u0430\u0432\u0430 \u0438 \u0438\u043c\u043e\u0432\u0438\u043d\u0441\u043a\u0438\u0445 \u0438\u043d\u0442\u0435\u0440\u0435\u0441\u0430 \u0411\u0440\u0447\u043a\u043e \u0434\u0438\u0441\u0442\u0440\u0438\u043a\u0442\u0430 \u0411\u0438\u0425, \u045a\u0435\u0433\u043e\u0432\u0438\u0445 \u043e\u0440\u0433\u0430\u043d\u0430, \u0438\u043d\u0441\u0442\u0438\u0442\u0443\u0446\u0438\u0458\u0430 \u0438 \u043f\u0440\u0430\u0432\u043d\u0438\u0445 \u043b\u0438\u0446\u0430 \u043a\u043e\u0458\u0430 \u0441\u0435 [&hellip;]<\/p>\n","protected":false},"author":1,"featured_media":0,"parent":0,"menu_order":0,"comment_status":"closed","ping_status":"closed","template":"tpl-default-elementor.php","meta":{"footnotes":""},"class_list":["post-2735","page","type-page","status-publish","hentry"],"aioseo_notices":[],"_links":{"self":[{"href":"https:\/\/pravobranilastvobd.ba\/sr\/wp-json\/wp\/v2\/pages\/2735","targetHints":{"allow":["GET"]}}],"collection":[{"href":"https:\/\/pravobranilastvobd.ba\/sr\/wp-json\/wp\/v2\/pages"}],"about":[{"href":"https:\/\/pravobranilastvobd.ba\/sr\/wp-json\/wp\/v2\/types\/page"}],"author":[{"embeddable":true,"href":"https:\/\/pravobranilastvobd.ba\/sr\/wp-json\/wp\/v2\/users\/1"}],"replies":[{"embeddable":true,"href":"https:\/\/pravobranilastvobd.ba\/sr\/wp-json\/wp\/v2\/comments?post=2735"}],"version-history":[{"count":45,"href":"https:\/\/pravobranilastvobd.ba\/sr\/wp-json\/wp\/v2\/pages\/2735\/revisions"}],"predecessor-version":[{"id":3688,"href":"https:\/\/pravobranilastvobd.ba\/sr\/wp-json\/wp\/v2\/pages\/2735\/revisions\/3688"}],"wp:attachment":[{"href":"https:\/\/pravobranilastvobd.ba\/sr\/wp-json\/wp\/v2\/media?parent=2735"}],"curies":[{"name":"wp","href":"https:\/\/api.w.org\/{rel}","templated":true}]}}