{"id":45,"date":"2023-04-07T05:03:12","date_gmt":"2023-04-07T05:03:12","guid":{"rendered":"https:\/\/webdevcode.com\/wp\/towngov\/live\/?page_id=45"},"modified":"2025-03-30T14:09:25","modified_gmt":"2025-03-30T14:09:25","slug":"vijesti","status":"publish","type":"page","link":"https:\/\/pravobranilastvobd.ba\/hr\/vijesti\/","title":{"rendered":"Vijesti"},"content":{"rendered":"\t\t<div data-elementor-type=\"wp-page\" data-elementor-id=\"45\" class=\"elementor elementor-45\">\n\t\t\t\t\t\t<section class=\"elementor-section elementor-top-section elementor-element elementor-element-cfa0ed1 elementor-section-boxed elementor-section-height-default elementor-section-height-default\" data-id=\"cfa0ed1\" data-element_type=\"section\" data-e-type=\"section\">\n\t\t\t\t\t\t<div class=\"elementor-container elementor-column-gap-default\">\n\t\t\t\t\t<div class=\"elementor-column elementor-col-100 elementor-top-column elementor-element elementor-element-1caa295\" data-id=\"1caa295\" data-element_type=\"column\" data-e-type=\"column\">\n\t\t\t<div class=\"elementor-widget-wrap elementor-element-populated\">\n\t\t\t\t\t\t\t<\/div>\n\t\t<\/div>\n\t\t\t\t\t<\/div>\n\t\t<\/section>\n\t\t\t\t<\/div>\n\t\t","protected":false},"excerpt":{"rendered":"<p>20Feb byalsetbl@gmail.com 0 Comments Novi zamjenik pravobranioca Ovim zakonom ure\u0111uje se nadle\u017enost i organizacija Pravobranila\u0161tva Br\u010dko distrikta Bosne i Hercegovine (u daljem&hellip; 20Feb byalsetbl@gmail.com 0 Comments Done\u0161ena odluka o &#8230; [&hellip;]<\/p>\n","protected":false},"author":1,"featured_media":0,"parent":0,"menu_order":0,"comment_status":"closed","ping_status":"closed","template":"tpl-default-elementor.php","meta":{"footnotes":""},"class_list":["post-45","page","type-page","status-publish","hentry"],"aioseo_notices":[],"_links":{"self":[{"href":"https:\/\/pravobranilastvobd.ba\/hr\/wp-json\/wp\/v2\/pages\/45","targetHints":{"allow":["GET"]}}],"collection":[{"href":"https:\/\/pravobranilastvobd.ba\/hr\/wp-json\/wp\/v2\/pages"}],"about":[{"href":"https:\/\/pravobranilastvobd.ba\/hr\/wp-json\/wp\/v2\/types\/page"}],"author":[{"embeddable":true,"href":"https:\/\/pravobranilastvobd.ba\/hr\/wp-json\/wp\/v2\/users\/1"}],"replies":[{"embeddable":true,"href":"https:\/\/pravobranilastvobd.ba\/hr\/wp-json\/wp\/v2\/comments?post=45"}],"version-history":[{"count":8,"href":"https:\/\/pravobranilastvobd.ba\/hr\/wp-json\/wp\/v2\/pages\/45\/revisions"}],"predecessor-version":[{"id":3276,"href":"https:\/\/pravobranilastvobd.ba\/hr\/wp-json\/wp\/v2\/pages\/45\/revisions\/3276"}],"wp:attachment":[{"href":"https:\/\/pravobranilastvobd.ba\/hr\/wp-json\/wp\/v2\/media?parent=45"}],"curies":[{"name":"wp","href":"https:\/\/api.w.org\/{rel}","templated":true}]}}