{"id":2792,"date":"2024-12-26T11:36:16","date_gmt":"2024-12-26T11:36:16","guid":{"rendered":"https:\/\/pravobranilastvobd.ba\/hr\/?page_id=2792"},"modified":"2025-03-30T13:57:01","modified_gmt":"2025-03-30T13:57:01","slug":"pristup-informacijama","status":"publish","type":"page","link":"https:\/\/pravobranilastvobd.ba\/hr\/pristup-informacijama\/","title":{"rendered":"Pristup informacijama"},"content":{"rendered":"\t\t<div data-elementor-type=\"wp-page\" data-elementor-id=\"2792\" class=\"elementor elementor-2792\">\n\t\t\t\t\t\t<section class=\"elementor-section elementor-top-section elementor-element elementor-element-f2af29a elementor-section-full_width elementor-section-height-default elementor-section-height-default\" data-id=\"f2af29a\" data-element_type=\"section\" data-e-type=\"section\">\n\t\t\t\t\t\t<div class=\"elementor-container elementor-column-gap-default\">\n\t\t\t\t\t<div class=\"elementor-column elementor-col-100 elementor-top-column elementor-element elementor-element-5d61d51\" data-id=\"5d61d51\" data-element_type=\"column\" data-e-type=\"column\">\n\t\t\t<div class=\"elementor-widget-wrap elementor-element-populated\">\n\t\t\t\t\t\t<section class=\"elementor-section elementor-inner-section elementor-element elementor-element-dcc6043 elementor-section-boxed elementor-section-height-default elementor-section-height-default\" data-id=\"dcc6043\" data-element_type=\"section\" data-e-type=\"section\">\n\t\t\t\t\t\t<div class=\"elementor-container elementor-column-gap-default\">\n\t\t\t\t\t<div class=\"elementor-column elementor-col-100 elementor-inner-column elementor-element elementor-element-f8d1752\" data-id=\"f8d1752\" data-element_type=\"column\" data-e-type=\"column\">\n\t\t\t<div class=\"elementor-widget-wrap elementor-element-populated\">\n\t\t\t\t\t\t\t<\/div>\n\t\t<\/div>\n\t\t\t\t\t<\/div>\n\t\t<\/section>\n\t\t\t\t\t<\/div>\n\t\t<\/div>\n\t\t\t\t\t<\/div>\n\t\t<\/section>\n\t\t\t\t<\/div>\n\t\t","protected":false},"excerpt":{"rendered":"<p>Vodi\u010d za pristup informacijama Aliq is notm hendr erit a augue insu image pellen simply&hellip; Pro\u010ditajte vi\u0161e<\/p>\n","protected":false},"author":1,"featured_media":0,"parent":0,"menu_order":0,"comment_status":"closed","ping_status":"closed","template":"tpl-default-elementor.php","meta":{"footnotes":""},"class_list":["post-2792","page","type-page","status-publish","hentry"],"aioseo_notices":[],"_links":{"self":[{"href":"https:\/\/pravobranilastvobd.ba\/hr\/wp-json\/wp\/v2\/pages\/2792","targetHints":{"allow":["GET"]}}],"collection":[{"href":"https:\/\/pravobranilastvobd.ba\/hr\/wp-json\/wp\/v2\/pages"}],"about":[{"href":"https:\/\/pravobranilastvobd.ba\/hr\/wp-json\/wp\/v2\/types\/page"}],"author":[{"embeddable":true,"href":"https:\/\/pravobranilastvobd.ba\/hr\/wp-json\/wp\/v2\/users\/1"}],"replies":[{"embeddable":true,"href":"https:\/\/pravobranilastvobd.ba\/hr\/wp-json\/wp\/v2\/comments?post=2792"}],"version-history":[{"count":7,"href":"https:\/\/pravobranilastvobd.ba\/hr\/wp-json\/wp\/v2\/pages\/2792\/revisions"}],"predecessor-version":[{"id":2981,"href":"https:\/\/pravobranilastvobd.ba\/hr\/wp-json\/wp\/v2\/pages\/2792\/revisions\/2981"}],"wp:attachment":[{"href":"https:\/\/pravobranilastvobd.ba\/hr\/wp-json\/wp\/v2\/media?parent=2792"}],"curies":[{"name":"wp","href":"https:\/\/api.w.org\/{rel}","templated":true}]}}