{"id":2788,"date":"2024-12-26T11:35:12","date_gmt":"2024-12-26T11:35:12","guid":{"rendered":"https:\/\/pravobranilastvobd.ba\/hr\/?page_id=2788"},"modified":"2025-03-30T13:55:44","modified_gmt":"2025-03-30T13:55:44","slug":"zaposljavanje","status":"publish","type":"page","link":"https:\/\/pravobranilastvobd.ba\/hr\/zaposljavanje\/","title":{"rendered":"Zapo\u0161ljavanje"},"content":{"rendered":"\t\t<div data-elementor-type=\"wp-page\" data-elementor-id=\"2788\" class=\"elementor elementor-2788\">\n\t\t\t\t\t\t<section class=\"elementor-section elementor-top-section elementor-element elementor-element-f2af29a elementor-section-full_width elementor-section-height-default elementor-section-height-default\" data-id=\"f2af29a\" data-element_type=\"section\" data-e-type=\"section\">\n\t\t\t\t\t\t<div class=\"elementor-container elementor-column-gap-default\">\n\t\t\t\t\t<div class=\"elementor-column elementor-col-100 elementor-top-column elementor-element elementor-element-5d61d51\" data-id=\"5d61d51\" data-element_type=\"column\" data-e-type=\"column\">\n\t\t\t<div class=\"elementor-widget-wrap elementor-element-populated\">\n\t\t\t\t\t\t<section class=\"elementor-section elementor-inner-section elementor-element elementor-element-990bfd3 elementor-section-boxed elementor-section-height-default elementor-section-height-default\" data-id=\"990bfd3\" data-element_type=\"section\" data-e-type=\"section\">\n\t\t\t\t\t\t<div class=\"elementor-container elementor-column-gap-default\">\n\t\t\t\t\t<div class=\"elementor-column elementor-col-100 elementor-inner-column elementor-element elementor-element-ccc7c19\" data-id=\"ccc7c19\" data-element_type=\"column\" data-e-type=\"column\">\n\t\t\t<div class=\"elementor-widget-wrap elementor-element-populated\">\n\t\t\t\t\t\t<div class=\"elementor-element elementor-element-58e92c1 elementor-widget elementor-widget-towngov_call_to_action\" data-id=\"58e92c1\" data-element_type=\"widget\" data-e-type=\"widget\" data-settings=\"{&quot;icons_box_space&quot;:{&quot;unit&quot;:&quot;px&quot;,&quot;top&quot;:&quot;&quot;,&quot;right&quot;:&quot;&quot;,&quot;bottom&quot;:&quot;&quot;,&quot;left&quot;:&quot;&quot;,&quot;isLinked&quot;:true},&quot;icons_box_space_tablet&quot;:{&quot;unit&quot;:&quot;px&quot;,&quot;top&quot;:&quot;&quot;,&quot;right&quot;:&quot;&quot;,&quot;bottom&quot;:&quot;&quot;,&quot;left&quot;:&quot;&quot;,&quot;isLinked&quot;:true},&quot;icons_box_space_mobile&quot;:{&quot;unit&quot;:&quot;px&quot;,&quot;top&quot;:&quot;&quot;,&quot;right&quot;:&quot;&quot;,&quot;bottom&quot;:&quot;&quot;,&quot;left&quot;:&quot;&quot;,&quot;isLinked&quot;:true},&quot;icons_box_padding&quot;:{&quot;unit&quot;:&quot;px&quot;,&quot;top&quot;:&quot;&quot;,&quot;right&quot;:&quot;&quot;,&quot;bottom&quot;:&quot;&quot;,&quot;left&quot;:&quot;&quot;,&quot;isLinked&quot;:true},&quot;icons_box_padding_tablet&quot;:{&quot;unit&quot;:&quot;px&quot;,&quot;top&quot;:&quot;&quot;,&quot;right&quot;:&quot;&quot;,&quot;bottom&quot;:&quot;&quot;,&quot;left&quot;:&quot;&quot;,&quot;isLinked&quot;:true},&quot;icons_box_padding_mobile&quot;:{&quot;unit&quot;:&quot;px&quot;,&quot;top&quot;:&quot;&quot;,&quot;right&quot;:&quot;&quot;,&quot;bottom&quot;:&quot;&quot;,&quot;left&quot;:&quot;&quot;,&quot;isLinked&quot;:true},&quot;btn_padding&quot;:{&quot;unit&quot;:&quot;px&quot;,&quot;top&quot;:&quot;&quot;,&quot;right&quot;:&quot;&quot;,&quot;bottom&quot;:&quot;&quot;,&quot;left&quot;:&quot;&quot;,&quot;isLinked&quot;:true},&quot;btn_padding_tablet&quot;:{&quot;unit&quot;:&quot;px&quot;,&quot;top&quot;:&quot;&quot;,&quot;right&quot;:&quot;&quot;,&quot;bottom&quot;:&quot;&quot;,&quot;left&quot;:&quot;&quot;,&quot;isLinked&quot;:true},&quot;btn_padding_mobile&quot;:{&quot;unit&quot;:&quot;px&quot;,&quot;top&quot;:&quot;&quot;,&quot;right&quot;:&quot;&quot;,&quot;bottom&quot;:&quot;&quot;,&quot;left&quot;:&quot;&quot;,&quot;isLinked&quot;:true}}\" data-widget_type=\"towngov_call_to_action.default\">\n\t\t\t\t<div class=\"elementor-widget-container\">\n\t\t\t\t\t    \r\n    <div class=\"cta-five-card\">\r\n        \r\n        <div class=\"cta-five-card-icon te-icon-box\">\r\n            <i class=\"flaticon flaticon-businessman\"><\/i>        <\/div>\r\n        \r\n                <div class=\"cta-five-content\">\r\n            <h4 class=\"te-title\">Zapo\u0161ljavanje u pravosudnim institucijama <br> Br\u010dko distrikta<\/h4>            <p class=\"te-text\">Informacije o zapo\u0161ljavanju u pravosudnim institucijama Br\u010dko distrikta BiH dostupne su na stranici Pravosudne komisije, uklju\u010duju\u0107i aktuelne konkurse i vijesti.<\/p>        <\/div>\r\n                        <div class=\"cta-five-button build-btn\">\r\n            <a href=\"https:\/\/pkbd.pravosudje.ba\/vstvfo\/B\/683\/kategorije-vijesti\/117616\/117633\/117724\" class=\"btn btn-primary\">\u2192<\/a>\r\n        <\/div>\r\n                \r\n        <div class=\"cta-five-img te-icon-boxs\">\r\n            <i class=\"flaticon flaticon-balance\"><\/i>        <\/div>\r\n        \r\n    <\/div><!--cta-five-card-->    \r\n        \r\n    \t\t\t\t<\/div>\n\t\t\t\t<\/div>\n\t\t\t\t\t<\/div>\n\t\t<\/div>\n\t\t\t\t\t<\/div>\n\t\t<\/section>\n\t\t\t\t\t<\/div>\n\t\t<\/div>\n\t\t\t\t\t<\/div>\n\t\t<\/section>\n\t\t\t\t<\/div>\n\t\t","protected":false},"excerpt":{"rendered":"<p>Zapo\u0161ljavanje u pravosudnim institucijama Br\u010dko distrikta Informacije o zapo\u0161ljavanju u pravosudnim institucijama Br\u010dko distrikta BiH dostupne su na stranici Pravosudne komisije, uklju\u010duju\u0107i aktuelne konkurse i vijesti. \u2192<\/p>\n","protected":false},"author":1,"featured_media":0,"parent":0,"menu_order":0,"comment_status":"closed","ping_status":"closed","template":"tpl-default-elementor.php","meta":{"footnotes":""},"class_list":["post-2788","page","type-page","status-publish","hentry"],"aioseo_notices":[],"_links":{"self":[{"href":"https:\/\/pravobranilastvobd.ba\/hr\/wp-json\/wp\/v2\/pages\/2788","targetHints":{"allow":["GET"]}}],"collection":[{"href":"https:\/\/pravobranilastvobd.ba\/hr\/wp-json\/wp\/v2\/pages"}],"about":[{"href":"https:\/\/pravobranilastvobd.ba\/hr\/wp-json\/wp\/v2\/types\/page"}],"author":[{"embeddable":true,"href":"https:\/\/pravobranilastvobd.ba\/hr\/wp-json\/wp\/v2\/users\/1"}],"replies":[{"embeddable":true,"href":"https:\/\/pravobranilastvobd.ba\/hr\/wp-json\/wp\/v2\/comments?post=2788"}],"version-history":[{"count":32,"href":"https:\/\/pravobranilastvobd.ba\/hr\/wp-json\/wp\/v2\/pages\/2788\/revisions"}],"predecessor-version":[{"id":3396,"href":"https:\/\/pravobranilastvobd.ba\/hr\/wp-json\/wp\/v2\/pages\/2788\/revisions\/3396"}],"wp:attachment":[{"href":"https:\/\/pravobranilastvobd.ba\/hr\/wp-json\/wp\/v2\/media?parent=2788"}],"curies":[{"name":"wp","href":"https:\/\/api.w.org\/{rel}","templated":true}]}}