{"id":2758,"date":"2024-12-26T10:14:10","date_gmt":"2024-12-26T10:14:10","guid":{"rendered":"https:\/\/pravobranilastvobd.ba\/hr\/?page_id=2758"},"modified":"2025-11-04T14:13:14","modified_gmt":"2025-11-04T14:13:14","slug":"unutrasnja-organizacija","status":"publish","type":"page","link":"https:\/\/pravobranilastvobd.ba\/hr\/unutrasnja-organizacija\/","title":{"rendered":"Unutarnja organizacija"},"content":{"rendered":"\t\t<div data-elementor-type=\"wp-page\" data-elementor-id=\"2758\" class=\"elementor elementor-2758\">\n\t\t\t\t\t\t<section class=\"elementor-section elementor-top-section elementor-element elementor-element-7956fa7 elementor-section-full_width elementor-section-height-default elementor-section-height-default\" data-id=\"7956fa7\" data-element_type=\"section\" data-e-type=\"section\">\n\t\t\t\t\t\t<div class=\"elementor-container elementor-column-gap-default\">\n\t\t\t\t\t<div class=\"elementor-column elementor-col-100 elementor-top-column elementor-element elementor-element-9454324\" data-id=\"9454324\" data-element_type=\"column\" data-e-type=\"column\">\n\t\t\t<div class=\"elementor-widget-wrap elementor-element-populated\">\n\t\t\t\t\t\t<section class=\"elementor-section elementor-inner-section elementor-element elementor-element-3031b83 elementor-section-boxed elementor-section-height-default elementor-section-height-default\" data-id=\"3031b83\" data-element_type=\"section\" data-e-type=\"section\">\n\t\t\t\t\t\t<div class=\"elementor-container elementor-column-gap-default\">\n\t\t\t\t\t<div class=\"elementor-column elementor-col-100 elementor-inner-column elementor-element elementor-element-2e2d283\" data-id=\"2e2d283\" data-element_type=\"column\" data-e-type=\"column\">\n\t\t\t<div class=\"elementor-widget-wrap elementor-element-populated\">\n\t\t\t\t\t\t<div class=\"elementor-element elementor-element-c63f9db elementor-widget__width-initial elementor-widget elementor-widget-towngov_hero_title\" data-id=\"c63f9db\" data-element_type=\"widget\" data-e-type=\"widget\" data-widget_type=\"towngov_hero_title.default\">\n\t\t\t\t<div class=\"elementor-widget-container\">\n\t\t\t\t\t    \r\n        <div class=\"section-title-box te-align \">\r\n        \t<div class=\"section-tagline te-subtitle\">SAZNAJTE<\/div>            <h2 class=\"section-title te-title towngov-size-default\">Struktura i organizacija Pravobraniteljstva<\/h2>                        <div class=\"sec-title__text te-text\"><div class=\"page-text\"><div class=\"page-text\"><p>Pravobraniteljstvo poslove obavlja u dvije organizacijske jedinice.<\/p><p>Poslovi i osnovne djelatnosti (zakonsko zastupanje i poslovi pravne za\u0161tite javne imovine, imovinskih prava i imovinskih interesa Br\u010dko distrikta BiH, organa, institucija i pravnih lica koja se u potpunosti ili djelomi\u010dno financiraju iz prora\u010duna Br\u010dko distrikta BiH, ili Br\u010dko distrikt BiH u odnosu na njih vr\u0161i osniva\u010dka prava), obavljaju se u okviru pravobraniteljske funkcije i vr\u0161e ih pravobranitelj i zamjenici pravobranitelja.<\/p><p>Administrativno-tehni\u010dke, materijalno-financijske i druge poslove iz nadle\u017enosti nositelja pravobraniteljske funkcije obavlja Stru\u010dna slu\u017eba administracije.<\/p><p>Stru\u010dnom slu\u017ebom administracije Pravobraniteljstva rukovodi sekretar.<\/p><p>Odlukom Pravosudne komisije, broj: SuPK-01-1774\/24-I od 16.08.2024. godine, Merima Mujki\u0107 imenovana je za sekretara Pravobraniteljstva, na mandat od \u010detiri godine, po\u010dev\u0161i s obavljanjem poslova radnog mjesta od 20.08.2024. godine.<\/p><\/div><\/div><\/div>\r\n                    <\/div><!-- section-title-box -->\r\n    \r\n    \t\t\t\t<\/div>\n\t\t\t\t<\/div>\n\t\t\t\t<div class=\"elementor-element elementor-element-85ee16d elementor-widget elementor-widget-text-editor\" data-id=\"85ee16d\" data-element_type=\"widget\" data-e-type=\"widget\" data-widget_type=\"text-editor.default\">\n\t\t\t\t<div class=\"elementor-widget-container\">\n\t\t\t\t\t\t\t\t\t<div class=\"page-text-subtitle\"><p>Zaposleni u Stru\u010dnoj slu\u017ebi administracije:<\/p><ol><li>Lana Kondi\u0107-Vasi\u0107, stru\u010dni saradnik<\/li><li>Milica Jovanovi\u0107, stru\u010dni saradnik,<\/li><li>Zlata Zej\u0107irevi\u0107, operater-upisni\u010dar,<\/li><li>Ana Mati\u0107, operater-upisni\u010dar,<\/li><li>Tatjana Jovi\u010di\u0107, operater-asistent,<\/li><li>\u0160ejla Alihod\u017ei\u0107, operater-asistent,<\/li><li>Ljubica Luki\u0107, operater-asistent,<\/li><li>Sla\u0111ana Vasi\u0107, operater-asistent,<\/li><li>Marijana Anti\u0107, operater-asistent,<\/li><li>\u00a0Amela Abidovi\u0107, operater-asistent,<\/li><li>\u00a0\u017divan Marjanovi\u0107, operater-asistent,<\/li><li>\u00a0Darinka Kalanj, operater-asistent,<\/li><li>\u00a0Ognjen Simeunovi\u0107, operater-asistent,<\/li><li>\u00a0Miro Gosi\u0107, kurir-voza\u010d i<\/li><li>\u00a0Denis Simi\u0107, radnik na prijavnici i obezbje\u0111enju,<\/li><li>Valentina Halilovi\u0107, pripravnik.<\/li><\/ol><\/div>\t\t\t\t\t\t\t\t<\/div>\n\t\t\t\t<\/div>\n\t\t\t\t\t<\/div>\n\t\t<\/div>\n\t\t\t\t\t<\/div>\n\t\t<\/section>\n\t\t\t\t\t<\/div>\n\t\t<\/div>\n\t\t\t\t\t<\/div>\n\t\t<\/section>\n\t\t\t\t<section class=\"elementor-section elementor-inner-section elementor-element elementor-element-86a0700 elementor-hidden-desktop elementor-hidden-tablet elementor-hidden-mobile elementor-section-boxed elementor-section-height-default elementor-section-height-default\" data-id=\"86a0700\" data-element_type=\"section\" data-e-type=\"section\">\n\t\t\t\t\t\t<div class=\"elementor-container elementor-column-gap-default\">\n\t\t\t\t\t<div class=\"elementor-column elementor-col-100 elementor-inner-column elementor-element elementor-element-3924910\" data-id=\"3924910\" data-element_type=\"column\" data-e-type=\"column\">\n\t\t\t<div class=\"elementor-widget-wrap elementor-element-populated\">\n\t\t\t\t\t\t<div class=\"elementor-element elementor-element-c920bae elementor-widget elementor-widget-towngov_client_section\" data-id=\"c920bae\" data-element_type=\"widget\" data-e-type=\"widget\" data-widget_type=\"towngov_client_section.default\">\n\t\t\t\t<div class=\"elementor-widget-container\">\n\t\t\t\t\t    \r\n    <section class=\"client-section\">\r\n\t\t\t\t<div class=\"container\">\r\n\t\t\t<div class=\"client-carousel owl-carousel owl-theme owl-dots-none owl-nav-none\" id=\"client-slider\" data-slider=\"{&quot;infinite&quot;:true,&quot;autoplay&quot;:true,&quot;autoplaySpeed&quot;:&quot;2500&quot;,&quot;dots&quot;:false,&quot;nav&quot;:false,&quot;item_gap&quot;:30,&quot;item_show&quot;:5}\">\r\n\t\t\t\t                <div class=\"item\">\r\n\t\t\t\t\t<img decoding=\"async\" src=\"https:\/\/pravobranilastvobd.ba\/hr\/wp-content\/uploads\/sites\/4\/2025\/03\/pbd-logo-sajt.png\" class=\"img-fluid\" alt=\"Awesome Image\">\r\n\t\t\t\t<\/div><!--item-->\r\n                                <div class=\"item\">\r\n\t\t\t\t\t<img decoding=\"async\" src=\"https:\/\/pravobranilastvobd.ba\/hr\/wp-content\/uploads\/sites\/4\/2025\/03\/pbd-logo-sajt.png\" class=\"img-fluid\" alt=\"Awesome Image\">\r\n\t\t\t\t<\/div><!--item-->\r\n                                <div class=\"item\">\r\n\t\t\t\t\t<img decoding=\"async\" src=\"https:\/\/pravobranilastvobd.ba\/hr\/wp-content\/uploads\/sites\/4\/2025\/03\/pbd-logo-sajt.png\" class=\"img-fluid\" alt=\"Awesome Image\">\r\n\t\t\t\t<\/div><!--item-->\r\n                                <div class=\"item\">\r\n\t\t\t\t\t<img decoding=\"async\" src=\"https:\/\/pravobranilastvobd.ba\/hr\/wp-content\/uploads\/sites\/4\/2025\/03\/pbd-logo-sajt.png\" class=\"img-fluid\" alt=\"Awesome Image\">\r\n\t\t\t\t<\/div><!--item-->\r\n                                <div class=\"item\">\r\n\t\t\t\t\t<img decoding=\"async\" src=\"https:\/\/pravobranilastvobd.ba\/hr\/wp-content\/uploads\/sites\/4\/2025\/03\/pbd-logo-sajt.png\" class=\"img-fluid\" alt=\"Awesome Image\">\r\n\t\t\t\t<\/div><!--item-->\r\n                                <div class=\"item\">\r\n\t\t\t\t\t<img decoding=\"async\" src=\"https:\/\/pravobranilastvobd.ba\/hr\/wp-content\/uploads\/sites\/4\/2025\/03\/pbd-logo-sajt.png\" class=\"img-fluid\" alt=\"Awesome Image\">\r\n\t\t\t\t<\/div><!--item-->\r\n                                <div class=\"item\">\r\n\t\t\t\t\t<img decoding=\"async\" src=\"https:\/\/pravobranilastvobd.ba\/hr\/wp-content\/uploads\/sites\/4\/2025\/03\/pbd-logo-sajt.png\" class=\"img-fluid\" alt=\"Awesome Image\">\r\n\t\t\t\t<\/div><!--item-->\r\n                                <div class=\"item\">\r\n\t\t\t\t\t<img decoding=\"async\" src=\"https:\/\/pravobranilastvobd.ba\/hr\/wp-content\/uploads\/sites\/4\/2025\/03\/pbd-logo-sajt.png\" class=\"img-fluid\" alt=\"Awesome Image\">\r\n\t\t\t\t<\/div><!--item-->\r\n                \t\t\t<\/div><!--client-carousel owl-carousel owl-theme-->\r\n\t\t<\/div><!--container-->\r\n\t<\/section><!--client-section-->\r\n    \r\n      \t\t\t\t<\/div>\n\t\t\t\t<\/div>\n\t\t\t\t\t<\/div>\n\t\t<\/div>\n\t\t\t\t\t<\/div>\n\t\t<\/section>\n\t\t\t\t<\/div>\n\t\t","protected":false},"excerpt":{"rendered":"<p>SAZNAJTE Struktura i organizacija Pravobraniteljstva Pravobraniteljstvo poslove obavlja u dvije organizacijske jedinice. Poslovi i osnovne djelatnosti (zakonsko zastupanje i poslovi pravne za\u0161tite javne imovine, imovinskih prava i imovinskih interesa Br\u010dko [&hellip;]<\/p>\n","protected":false},"author":1,"featured_media":0,"parent":0,"menu_order":0,"comment_status":"closed","ping_status":"closed","template":"tpl-default-elementor.php","meta":{"footnotes":""},"class_list":["post-2758","page","type-page","status-publish","hentry"],"aioseo_notices":[],"_links":{"self":[{"href":"https:\/\/pravobranilastvobd.ba\/hr\/wp-json\/wp\/v2\/pages\/2758","targetHints":{"allow":["GET"]}}],"collection":[{"href":"https:\/\/pravobranilastvobd.ba\/hr\/wp-json\/wp\/v2\/pages"}],"about":[{"href":"https:\/\/pravobranilastvobd.ba\/hr\/wp-json\/wp\/v2\/types\/page"}],"author":[{"embeddable":true,"href":"https:\/\/pravobranilastvobd.ba\/hr\/wp-json\/wp\/v2\/users\/1"}],"replies":[{"embeddable":true,"href":"https:\/\/pravobranilastvobd.ba\/hr\/wp-json\/wp\/v2\/comments?post=2758"}],"version-history":[{"count":35,"href":"https:\/\/pravobranilastvobd.ba\/hr\/wp-json\/wp\/v2\/pages\/2758\/revisions"}],"predecessor-version":[{"id":3796,"href":"https:\/\/pravobranilastvobd.ba\/hr\/wp-json\/wp\/v2\/pages\/2758\/revisions\/3796"}],"wp:attachment":[{"href":"https:\/\/pravobranilastvobd.ba\/hr\/wp-json\/wp\/v2\/media?parent=2758"}],"curies":[{"name":"wp","href":"https:\/\/api.w.org\/{rel}","templated":true}]}}