{"id":2745,"date":"2024-12-26T08:42:49","date_gmt":"2024-12-26T08:42:49","guid":{"rendered":"https:\/\/pravobranilastvobd.ba\/hr\/?page_id=2745"},"modified":"2025-04-02T21:42:50","modified_gmt":"2025-04-02T21:42:50","slug":"zamjenici-pravobranioca","status":"publish","type":"page","link":"https:\/\/pravobranilastvobd.ba\/hr\/zamjenici-pravobranioca\/","title":{"rendered":"Zamjenici pravobranitelja"},"content":{"rendered":"\t\t<div data-elementor-type=\"wp-page\" data-elementor-id=\"2745\" class=\"elementor elementor-2745\">\n\t\t\t\t\t\t<section class=\"elementor-section elementor-top-section elementor-element elementor-element-7956fa7 elementor-section-full_width elementor-section-height-default elementor-section-height-default\" data-id=\"7956fa7\" data-element_type=\"section\" data-e-type=\"section\">\n\t\t\t\t\t\t<div class=\"elementor-container elementor-column-gap-default\">\n\t\t\t\t\t<div class=\"elementor-column elementor-col-100 elementor-top-column elementor-element elementor-element-9454324\" data-id=\"9454324\" data-element_type=\"column\" data-e-type=\"column\">\n\t\t\t<div class=\"elementor-widget-wrap elementor-element-populated\">\n\t\t\t\t\t\t<section class=\"elementor-section elementor-inner-section elementor-element elementor-element-3031b83 elementor-section-boxed elementor-section-height-default elementor-section-height-default\" data-id=\"3031b83\" data-element_type=\"section\" data-e-type=\"section\">\n\t\t\t\t\t\t<div class=\"elementor-container elementor-column-gap-default\">\n\t\t\t\t\t<div class=\"elementor-column elementor-col-100 elementor-inner-column elementor-element elementor-element-2e2d283\" data-id=\"2e2d283\" data-element_type=\"column\" data-e-type=\"column\">\n\t\t\t<div class=\"elementor-widget-wrap elementor-element-populated\">\n\t\t\t\t\t\t<div class=\"elementor-element elementor-element-c63f9db elementor-widget__width-initial elementor-widget elementor-widget-towngov_hero_title\" data-id=\"c63f9db\" data-element_type=\"widget\" data-e-type=\"widget\" data-widget_type=\"towngov_hero_title.default\">\n\t\t\t\t<div class=\"elementor-widget-container\">\n\t\t\t\t\t    \r\n        <div class=\"section-title-box te-align \">\r\n        \t<div class=\"section-tagline te-subtitle\">SAZNAJTE<\/div>            <h2 class=\"section-title te-title towngov-size-default\">Nadle\u017enosti i odgovornosti zamjenika pravobranitelja<\/h2>                        <div class=\"sec-title__text te-text\"><div class=\"page-text\"><p>Pravobraniteljstvo ima sedam zamjenika pravobranitelja. Za zamjenika pravobranitelja mo\u017ee biti imenovana osoba koja ispunjava op\u0107e i posebne uvjete propisane Zakonom o Pravobraniteljstvu Br\u010dko distrikta BiH.<\/p><p>Pravosudna komisija raspisuje i objavljuje javni natje\u010daj za zamjenike pravobranitelja. Nakon provedene natje\u010dajne procedure i postupka izbora, Pravosudna komisija u punom sastavu, ve\u0107inom ukupnog broja glasova, imenuje zamjenika pravobranitelja. Odluku o imenovanju pravobranitelja Pravosudna komisija dostavlja Skup\u0161tini Br\u010dko distrikta BiH na verifikaciju.<\/p><\/div><\/div>\r\n                    <\/div><!-- section-title-box -->\r\n    \r\n    \t\t\t\t<\/div>\n\t\t\t\t<\/div>\n\t\t\t\t<div class=\"elementor-element elementor-element-85ee16d elementor-widget elementor-widget-text-editor\" data-id=\"85ee16d\" data-element_type=\"widget\" data-e-type=\"widget\" data-widget_type=\"text-editor.default\">\n\t\t\t\t<div class=\"elementor-widget-container\">\n\t\t\t\t\t\t\t\t\t<p><strong>Opis poslova zamjenika pravobranitelja reguliran je Pravilnikom o unutarnjoj organizaciji i sistematizaciji radnih mjesta u Pravobraniteljstvu Br\u010dko distrikta BiH.<\/strong><\/p>\t\t\t\t\t\t\t\t<\/div>\n\t\t\t\t<\/div>\n\t\t\t\t\t<\/div>\n\t\t<\/div>\n\t\t\t\t\t<\/div>\n\t\t<\/section>\n\t\t\t\t\t<\/div>\n\t\t<\/div>\n\t\t\t\t\t<\/div>\n\t\t<\/section>\n\t\t\t\t<section class=\"elementor-section elementor-top-section elementor-element elementor-element-b9bb864 elementor-section-full_width elementor-section-height-default elementor-section-height-default\" data-id=\"b9bb864\" data-element_type=\"section\" data-e-type=\"section\" data-settings=\"{&quot;background_background&quot;:&quot;classic&quot;}\">\n\t\t\t\t\t\t\t<div class=\"elementor-background-overlay\"><\/div>\n\t\t\t\t\t\t\t<div class=\"elementor-container elementor-column-gap-default\">\n\t\t\t\t\t<div class=\"elementor-column elementor-col-100 elementor-top-column elementor-element elementor-element-f613d34\" data-id=\"f613d34\" data-element_type=\"column\" data-e-type=\"column\" data-settings=\"{&quot;background_background&quot;:&quot;classic&quot;}\">\n\t\t\t<div class=\"elementor-widget-wrap\">\n\t\t\t\t\t\t\t<\/div>\n\t\t<\/div>\n\t\t\t\t\t<\/div>\n\t\t<\/section>\n\t\t\t\t<section class=\"elementor-section elementor-top-section elementor-element elementor-element-0c03b1d elementor-section-full_width elementor-section-height-default elementor-section-height-default\" data-id=\"0c03b1d\" data-element_type=\"section\" data-e-type=\"section\" data-settings=\"{&quot;background_background&quot;:&quot;classic&quot;}\">\n\t\t\t\t\t\t\t<div class=\"elementor-background-overlay\"><\/div>\n\t\t\t\t\t\t\t<div class=\"elementor-container elementor-column-gap-default\">\n\t\t\t\t\t<div class=\"elementor-column elementor-col-100 elementor-top-column elementor-element elementor-element-87ac01d\" data-id=\"87ac01d\" data-element_type=\"column\" data-e-type=\"column\" data-settings=\"{&quot;background_background&quot;:&quot;classic&quot;}\">\n\t\t\t<div class=\"elementor-widget-wrap elementor-element-populated\">\n\t\t\t\t\t\t<section class=\"elementor-section elementor-inner-section elementor-element elementor-element-6f7a821 elementor-section-boxed elementor-section-height-default elementor-section-height-default\" data-id=\"6f7a821\" data-element_type=\"section\" data-e-type=\"section\">\n\t\t\t\t\t\t<div class=\"elementor-container elementor-column-gap-default\">\n\t\t\t\t\t<div class=\"elementor-column elementor-col-100 elementor-inner-column elementor-element elementor-element-dac6599\" data-id=\"dac6599\" data-element_type=\"column\" data-e-type=\"column\">\n\t\t\t<div class=\"elementor-widget-wrap elementor-element-populated\">\n\t\t\t\t\t\t<div class=\"elementor-element elementor-element-756b460 elementor-widget__width-initial elementor-widget elementor-widget-towngov_hero_title\" data-id=\"756b460\" data-element_type=\"widget\" data-e-type=\"widget\" data-widget_type=\"towngov_hero_title.default\">\n\t\t\t\t<div class=\"elementor-widget-container\">\n\t\t\t\t\t    \r\n        <div class=\"section-title-box te-align \">\r\n        \t<div class=\"section-tagline te-subtitle\">UPOZNAJTE<\/div>            <h2 class=\"section-title te-title towngov-size-default\">Zamjenici pravobranitelja i sekretar<\/h2>                    <\/div><!-- section-title-box -->\r\n    \r\n    \t\t\t\t<\/div>\n\t\t\t\t<\/div>\n\t\t\t\t\t<\/div>\n\t\t<\/div>\n\t\t\t\t\t<\/div>\n\t\t<\/section>\n\t\t\t\t<section class=\"elementor-section elementor-inner-section elementor-element elementor-element-894358e elementor-section-boxed elementor-section-height-default elementor-section-height-default\" data-id=\"894358e\" data-element_type=\"section\" data-e-type=\"section\" data-settings=\"{&quot;background_background&quot;:&quot;classic&quot;}\">\n\t\t\t\t\t\t<div class=\"elementor-container elementor-column-gap-default\">\n\t\t\t\t\t<div class=\"elementor-column elementor-col-100 elementor-inner-column elementor-element elementor-element-a10715a\" data-id=\"a10715a\" data-element_type=\"column\" data-e-type=\"column\">\n\t\t\t<div class=\"elementor-widget-wrap elementor-element-populated\">\n\t\t\t\t\t\t<div class=\"elementor-element elementor-element-a5ec6ca elementor-widget elementor-widget-towngov_team\" data-id=\"a5ec6ca\" data-element_type=\"widget\" data-e-type=\"widget\" data-widget_type=\"towngov_team.default\">\n\t\t\t\t<div class=\"elementor-widget-container\">\n\t\t\t\t\t    \r\n        \r\n    <div class=\"row row-gutter-y-30\">\r\n                        <div class=\"col-xl-4 col-lg-4 col-md-6 col-sm-12\">\r\n            <div class=\"team-card tg-content-box\">\r\n                <div class=\"team-card-img\">\r\n                    <div class=\"img-fluid\"><img decoding=\"async\" width=\"190\" height=\"190\" src=\"https:\/\/pravobranilastvobd.ba\/hr\/wp-content\/uploads\/sites\/4\/2025\/03\/universalProfile-190x190.png\" class=\"attachment-towngov_190x190 size-towngov_190x190 wp-post-image\" alt=\"\" srcset=\"https:\/\/pravobranilastvobd.ba\/hr\/wp-content\/uploads\/sites\/4\/2025\/03\/universalProfile-190x190.png 190w, https:\/\/pravobranilastvobd.ba\/hr\/wp-content\/uploads\/sites\/4\/2025\/03\/universalProfile-150x150.png 150w, https:\/\/pravobranilastvobd.ba\/hr\/wp-content\/uploads\/sites\/4\/2025\/03\/universalProfile-91x91.png 91w, https:\/\/pravobranilastvobd.ba\/hr\/wp-content\/uploads\/sites\/4\/2025\/03\/universalProfile-250x250.png 250w, https:\/\/pravobranilastvobd.ba\/hr\/wp-content\/uploads\/sites\/4\/2025\/03\/universalProfile-69x69.png 69w\" sizes=\"(max-width: 190px) 100vw, 190px\" \/><\/div>\r\n                                    <\/div><!-- team-card-img -->\r\n                <div class=\"team-card-content\">\r\n                    <h4 class=\"tg-service-title\"><a href=\"https:\/\/pravobranilastvobd.ba\/hr\/blog\/team\/sarah-albert\/\">Vehid Vehabovi\u0107<\/a><\/h4>\r\n                    <p class=\"tg-service-text\">Zamjenik pravobranioca<\/p>\r\n                <\/div><!-- team-card-content -->\r\n            <\/div><!--team-card-->\r\n        <\/div><!--col-12 col-md-6 col-xl-3-->\r\n                        <div class=\"col-xl-4 col-lg-4 col-md-6 col-sm-12\">\r\n            <div class=\"team-card tg-content-box\">\r\n                <div class=\"team-card-img\">\r\n                    <div class=\"img-fluid\"><img decoding=\"async\" width=\"190\" height=\"190\" src=\"https:\/\/pravobranilastvobd.ba\/hr\/wp-content\/uploads\/sites\/4\/2025\/03\/universalProfile-190x190.png\" class=\"attachment-towngov_190x190 size-towngov_190x190 wp-post-image\" alt=\"\" srcset=\"https:\/\/pravobranilastvobd.ba\/hr\/wp-content\/uploads\/sites\/4\/2025\/03\/universalProfile-190x190.png 190w, https:\/\/pravobranilastvobd.ba\/hr\/wp-content\/uploads\/sites\/4\/2025\/03\/universalProfile-150x150.png 150w, https:\/\/pravobranilastvobd.ba\/hr\/wp-content\/uploads\/sites\/4\/2025\/03\/universalProfile-91x91.png 91w, https:\/\/pravobranilastvobd.ba\/hr\/wp-content\/uploads\/sites\/4\/2025\/03\/universalProfile-250x250.png 250w, https:\/\/pravobranilastvobd.ba\/hr\/wp-content\/uploads\/sites\/4\/2025\/03\/universalProfile-69x69.png 69w\" sizes=\"(max-width: 190px) 100vw, 190px\" \/><\/div>\r\n                                    <\/div><!-- team-card-img -->\r\n                <div class=\"team-card-content\">\r\n                    <h4 class=\"tg-service-title\"><a href=\"https:\/\/pravobranilastvobd.ba\/hr\/blog\/team\/zamjenik-pravobranioca\/\">Elica \u0160ljivi\u0107<\/a><\/h4>\r\n                    <p class=\"tg-service-text\">Zamjenik pravobranioca<\/p>\r\n                <\/div><!-- team-card-content -->\r\n            <\/div><!--team-card-->\r\n        <\/div><!--col-12 col-md-6 col-xl-3-->\r\n                        <div class=\"col-xl-4 col-lg-4 col-md-6 col-sm-12\">\r\n            <div class=\"team-card tg-content-box\">\r\n                <div class=\"team-card-img\">\r\n                    <div class=\"img-fluid\"><img decoding=\"async\" width=\"190\" height=\"190\" src=\"https:\/\/pravobranilastvobd.ba\/hr\/wp-content\/uploads\/sites\/4\/2025\/03\/universalProfile-190x190.png\" class=\"attachment-towngov_190x190 size-towngov_190x190 wp-post-image\" alt=\"\" srcset=\"https:\/\/pravobranilastvobd.ba\/hr\/wp-content\/uploads\/sites\/4\/2025\/03\/universalProfile-190x190.png 190w, https:\/\/pravobranilastvobd.ba\/hr\/wp-content\/uploads\/sites\/4\/2025\/03\/universalProfile-150x150.png 150w, https:\/\/pravobranilastvobd.ba\/hr\/wp-content\/uploads\/sites\/4\/2025\/03\/universalProfile-91x91.png 91w, https:\/\/pravobranilastvobd.ba\/hr\/wp-content\/uploads\/sites\/4\/2025\/03\/universalProfile-250x250.png 250w, https:\/\/pravobranilastvobd.ba\/hr\/wp-content\/uploads\/sites\/4\/2025\/03\/universalProfile-69x69.png 69w\" sizes=\"(max-width: 190px) 100vw, 190px\" \/><\/div>\r\n                                    <\/div><!-- team-card-img -->\r\n                <div class=\"team-card-content\">\r\n                    <h4 class=\"tg-service-title\"><a href=\"https:\/\/pravobranilastvobd.ba\/hr\/blog\/team\/zamjenik-pravobranioca-2\/\">Miroslav Sajlovi\u0107<\/a><\/h4>\r\n                    <p class=\"tg-service-text\">Zamjenik pravobranioca<\/p>\r\n                <\/div><!-- team-card-content -->\r\n            <\/div><!--team-card-->\r\n        <\/div><!--col-12 col-md-6 col-xl-3-->\r\n                        <div class=\"col-xl-4 col-lg-4 col-md-6 col-sm-12\">\r\n            <div class=\"team-card tg-content-box\">\r\n                <div class=\"team-card-img\">\r\n                    <div class=\"img-fluid\"><img decoding=\"async\" width=\"190\" height=\"190\" src=\"https:\/\/pravobranilastvobd.ba\/hr\/wp-content\/uploads\/sites\/4\/2025\/03\/universalProfile-190x190.png\" class=\"attachment-towngov_190x190 size-towngov_190x190 wp-post-image\" alt=\"\" srcset=\"https:\/\/pravobranilastvobd.ba\/hr\/wp-content\/uploads\/sites\/4\/2025\/03\/universalProfile-190x190.png 190w, https:\/\/pravobranilastvobd.ba\/hr\/wp-content\/uploads\/sites\/4\/2025\/03\/universalProfile-150x150.png 150w, https:\/\/pravobranilastvobd.ba\/hr\/wp-content\/uploads\/sites\/4\/2025\/03\/universalProfile-91x91.png 91w, https:\/\/pravobranilastvobd.ba\/hr\/wp-content\/uploads\/sites\/4\/2025\/03\/universalProfile-250x250.png 250w, https:\/\/pravobranilastvobd.ba\/hr\/wp-content\/uploads\/sites\/4\/2025\/03\/universalProfile-69x69.png 69w\" sizes=\"(max-width: 190px) 100vw, 190px\" \/><\/div>\r\n                                    <\/div><!-- team-card-img -->\r\n                <div class=\"team-card-content\">\r\n                    <h4 class=\"tg-service-title\"><a href=\"https:\/\/pravobranilastvobd.ba\/hr\/blog\/team\/admir-music\/\">Admir Musi\u0107<\/a><\/h4>\r\n                    <p class=\"tg-service-text\">Zamjenik pravobranioca<\/p>\r\n                <\/div><!-- team-card-content -->\r\n            <\/div><!--team-card-->\r\n        <\/div><!--col-12 col-md-6 col-xl-3-->\r\n                        <div class=\"col-xl-4 col-lg-4 col-md-6 col-sm-12\">\r\n            <div class=\"team-card tg-content-box\">\r\n                <div class=\"team-card-img\">\r\n                    <div class=\"img-fluid\"><img decoding=\"async\" width=\"190\" height=\"190\" src=\"https:\/\/pravobranilastvobd.ba\/hr\/wp-content\/uploads\/sites\/4\/2025\/03\/universalProfile-190x190.png\" class=\"attachment-towngov_190x190 size-towngov_190x190 wp-post-image\" alt=\"\" srcset=\"https:\/\/pravobranilastvobd.ba\/hr\/wp-content\/uploads\/sites\/4\/2025\/03\/universalProfile-190x190.png 190w, https:\/\/pravobranilastvobd.ba\/hr\/wp-content\/uploads\/sites\/4\/2025\/03\/universalProfile-150x150.png 150w, https:\/\/pravobranilastvobd.ba\/hr\/wp-content\/uploads\/sites\/4\/2025\/03\/universalProfile-91x91.png 91w, https:\/\/pravobranilastvobd.ba\/hr\/wp-content\/uploads\/sites\/4\/2025\/03\/universalProfile-250x250.png 250w, https:\/\/pravobranilastvobd.ba\/hr\/wp-content\/uploads\/sites\/4\/2025\/03\/universalProfile-69x69.png 69w\" sizes=\"(max-width: 190px) 100vw, 190px\" \/><\/div>\r\n                                    <\/div><!-- team-card-img -->\r\n                <div class=\"team-card-content\">\r\n                    <h4 class=\"tg-service-title\"><a href=\"https:\/\/pravobranilastvobd.ba\/hr\/blog\/team\/marija-nedic\/\">Marija Nedi\u0107<\/a><\/h4>\r\n                    <p class=\"tg-service-text\">Zamjenik pravobranioca<\/p>\r\n                <\/div><!-- team-card-content -->\r\n            <\/div><!--team-card-->\r\n        <\/div><!--col-12 col-md-6 col-xl-3-->\r\n                        <div class=\"col-xl-4 col-lg-4 col-md-6 col-sm-12\">\r\n            <div class=\"team-card tg-content-box\">\r\n                <div class=\"team-card-img\">\r\n                    <div class=\"img-fluid\"><img decoding=\"async\" width=\"190\" height=\"190\" src=\"https:\/\/pravobranilastvobd.ba\/hr\/wp-content\/uploads\/sites\/4\/2025\/03\/universalProfile-190x190.png\" class=\"attachment-towngov_190x190 size-towngov_190x190 wp-post-image\" alt=\"\" srcset=\"https:\/\/pravobranilastvobd.ba\/hr\/wp-content\/uploads\/sites\/4\/2025\/03\/universalProfile-190x190.png 190w, https:\/\/pravobranilastvobd.ba\/hr\/wp-content\/uploads\/sites\/4\/2025\/03\/universalProfile-150x150.png 150w, https:\/\/pravobranilastvobd.ba\/hr\/wp-content\/uploads\/sites\/4\/2025\/03\/universalProfile-91x91.png 91w, https:\/\/pravobranilastvobd.ba\/hr\/wp-content\/uploads\/sites\/4\/2025\/03\/universalProfile-250x250.png 250w, https:\/\/pravobranilastvobd.ba\/hr\/wp-content\/uploads\/sites\/4\/2025\/03\/universalProfile-69x69.png 69w\" sizes=\"(max-width: 190px) 100vw, 190px\" \/><\/div>\r\n                                    <\/div><!-- team-card-img -->\r\n                <div class=\"team-card-content\">\r\n                    <h4 class=\"tg-service-title\"><a href=\"https:\/\/pravobranilastvobd.ba\/hr\/blog\/team\/ivana-stjepanovic\/\">Ivana Stjepanovi\u0107<\/a><\/h4>\r\n                    <p class=\"tg-service-text\">Zamjenik pravobranioca<\/p>\r\n                <\/div><!-- team-card-content -->\r\n            <\/div><!--team-card-->\r\n        <\/div><!--col-12 col-md-6 col-xl-3-->\r\n                        <div class=\"col-xl-4 col-lg-4 col-md-6 col-sm-12\">\r\n            <div class=\"team-card tg-content-box\">\r\n                <div class=\"team-card-img\">\r\n                    <div class=\"img-fluid\"><img decoding=\"async\" width=\"190\" height=\"190\" src=\"https:\/\/pravobranilastvobd.ba\/hr\/wp-content\/uploads\/sites\/4\/2025\/03\/universalProfile-190x190.png\" class=\"attachment-towngov_190x190 size-towngov_190x190 wp-post-image\" alt=\"\" srcset=\"https:\/\/pravobranilastvobd.ba\/hr\/wp-content\/uploads\/sites\/4\/2025\/03\/universalProfile-190x190.png 190w, https:\/\/pravobranilastvobd.ba\/hr\/wp-content\/uploads\/sites\/4\/2025\/03\/universalProfile-150x150.png 150w, https:\/\/pravobranilastvobd.ba\/hr\/wp-content\/uploads\/sites\/4\/2025\/03\/universalProfile-91x91.png 91w, https:\/\/pravobranilastvobd.ba\/hr\/wp-content\/uploads\/sites\/4\/2025\/03\/universalProfile-250x250.png 250w, https:\/\/pravobranilastvobd.ba\/hr\/wp-content\/uploads\/sites\/4\/2025\/03\/universalProfile-69x69.png 69w\" sizes=\"(max-width: 190px) 100vw, 190px\" \/><\/div>\r\n                                    <\/div><!-- team-card-img -->\r\n                <div class=\"team-card-content\">\r\n                    <h4 class=\"tg-service-title\"><a href=\"https:\/\/pravobranilastvobd.ba\/hr\/blog\/team\/maida-bajric\/\">Maida Bajri\u0107<\/a><\/h4>\r\n                    <p class=\"tg-service-text\">Zamjenik pravobranioca<\/p>\r\n                <\/div><!-- team-card-content -->\r\n            <\/div><!--team-card-->\r\n        <\/div><!--col-12 col-md-6 col-xl-3-->\r\n                        <div class=\"col-xl-4 col-lg-4 col-md-6 col-sm-12\">\r\n            <div class=\"team-card tg-content-box\">\r\n                <div class=\"team-card-img\">\r\n                    <div class=\"img-fluid\"><img decoding=\"async\" width=\"190\" height=\"190\" src=\"https:\/\/pravobranilastvobd.ba\/hr\/wp-content\/uploads\/sites\/4\/2025\/03\/universalProfile-190x190.png\" class=\"attachment-towngov_190x190 size-towngov_190x190 wp-post-image\" alt=\"\" srcset=\"https:\/\/pravobranilastvobd.ba\/hr\/wp-content\/uploads\/sites\/4\/2025\/03\/universalProfile-190x190.png 190w, https:\/\/pravobranilastvobd.ba\/hr\/wp-content\/uploads\/sites\/4\/2025\/03\/universalProfile-150x150.png 150w, https:\/\/pravobranilastvobd.ba\/hr\/wp-content\/uploads\/sites\/4\/2025\/03\/universalProfile-91x91.png 91w, https:\/\/pravobranilastvobd.ba\/hr\/wp-content\/uploads\/sites\/4\/2025\/03\/universalProfile-250x250.png 250w, https:\/\/pravobranilastvobd.ba\/hr\/wp-content\/uploads\/sites\/4\/2025\/03\/universalProfile-69x69.png 69w\" sizes=\"(max-width: 190px) 100vw, 190px\" \/><\/div>\r\n                                    <\/div><!-- team-card-img -->\r\n                <div class=\"team-card-content\">\r\n                    <h4 class=\"tg-service-title\"><a href=\"https:\/\/pravobranilastvobd.ba\/hr\/blog\/team\/christine-eve\/\">Merima Mujki\u0107<\/a><\/h4>\r\n                    <p class=\"tg-service-text\">Sekretar<\/p>\r\n                <\/div><!-- team-card-content -->\r\n            <\/div><!--team-card-->\r\n        <\/div><!--col-12 col-md-6 col-xl-3-->\r\n            <\/div>\r\n    \r\n\t      \t\t\t\t<\/div>\n\t\t\t\t<\/div>\n\t\t\t\t\t<\/div>\n\t\t<\/div>\n\t\t\t\t\t<\/div>\n\t\t<\/section>\n\t\t\t\t\t<\/div>\n\t\t<\/div>\n\t\t\t\t\t<\/div>\n\t\t<\/section>\n\t\t\t\t<section class=\"elementor-section elementor-inner-section elementor-element elementor-element-86a0700 elementor-hidden-desktop elementor-hidden-tablet elementor-hidden-mobile elementor-section-boxed elementor-section-height-default elementor-section-height-default\" data-id=\"86a0700\" data-element_type=\"section\" data-e-type=\"section\">\n\t\t\t\t\t\t<div class=\"elementor-container elementor-column-gap-default\">\n\t\t\t\t\t<div class=\"elementor-column elementor-col-100 elementor-inner-column elementor-element elementor-element-3924910\" data-id=\"3924910\" data-element_type=\"column\" data-e-type=\"column\">\n\t\t\t<div class=\"elementor-widget-wrap elementor-element-populated\">\n\t\t\t\t\t\t<div class=\"elementor-element elementor-element-c920bae elementor-widget elementor-widget-towngov_client_section\" data-id=\"c920bae\" data-element_type=\"widget\" data-e-type=\"widget\" data-widget_type=\"towngov_client_section.default\">\n\t\t\t\t<div class=\"elementor-widget-container\">\n\t\t\t\t\t    \r\n    <section class=\"client-section\">\r\n\t\t\t\t<div class=\"container\">\r\n\t\t\t<div class=\"client-carousel owl-carousel owl-theme owl-dots-none owl-nav-none\" id=\"client-slider\" data-slider=\"{&quot;infinite&quot;:true,&quot;autoplay&quot;:true,&quot;autoplaySpeed&quot;:&quot;2500&quot;,&quot;dots&quot;:false,&quot;nav&quot;:false,&quot;item_gap&quot;:30,&quot;item_show&quot;:5}\">\r\n\t\t\t\t                <div class=\"item\">\r\n\t\t\t\t\t<img decoding=\"async\" src=\"https:\/\/pravobranilastvobd.ba\/hr\/wp-content\/uploads\/sites\/4\/2025\/03\/pbd-logo-sajt.png\" class=\"img-fluid\" alt=\"Awesome Image\">\r\n\t\t\t\t<\/div><!--item-->\r\n                                <div class=\"item\">\r\n\t\t\t\t\t<img decoding=\"async\" src=\"https:\/\/pravobranilastvobd.ba\/hr\/wp-content\/uploads\/sites\/4\/2025\/03\/pbd-logo-sajt.png\" class=\"img-fluid\" alt=\"Awesome Image\">\r\n\t\t\t\t<\/div><!--item-->\r\n                                <div class=\"item\">\r\n\t\t\t\t\t<img decoding=\"async\" src=\"https:\/\/pravobranilastvobd.ba\/hr\/wp-content\/uploads\/sites\/4\/2025\/03\/pbd-logo-sajt.png\" class=\"img-fluid\" alt=\"Awesome Image\">\r\n\t\t\t\t<\/div><!--item-->\r\n                                <div class=\"item\">\r\n\t\t\t\t\t<img decoding=\"async\" src=\"https:\/\/pravobranilastvobd.ba\/hr\/wp-content\/uploads\/sites\/4\/2025\/03\/pbd-logo-sajt.png\" class=\"img-fluid\" alt=\"Awesome Image\">\r\n\t\t\t\t<\/div><!--item-->\r\n                                <div class=\"item\">\r\n\t\t\t\t\t<img decoding=\"async\" src=\"https:\/\/pravobranilastvobd.ba\/hr\/wp-content\/uploads\/sites\/4\/2025\/03\/pbd-logo-sajt.png\" class=\"img-fluid\" alt=\"Awesome Image\">\r\n\t\t\t\t<\/div><!--item-->\r\n                                <div class=\"item\">\r\n\t\t\t\t\t<img decoding=\"async\" src=\"https:\/\/pravobranilastvobd.ba\/hr\/wp-content\/uploads\/sites\/4\/2025\/03\/pbd-logo-sajt.png\" class=\"img-fluid\" alt=\"Awesome Image\">\r\n\t\t\t\t<\/div><!--item-->\r\n                                <div class=\"item\">\r\n\t\t\t\t\t<img decoding=\"async\" src=\"https:\/\/pravobranilastvobd.ba\/hr\/wp-content\/uploads\/sites\/4\/2025\/03\/pbd-logo-sajt.png\" class=\"img-fluid\" alt=\"Awesome Image\">\r\n\t\t\t\t<\/div><!--item-->\r\n                                <div class=\"item\">\r\n\t\t\t\t\t<img decoding=\"async\" src=\"https:\/\/pravobranilastvobd.ba\/hr\/wp-content\/uploads\/sites\/4\/2025\/03\/pbd-logo-sajt.png\" class=\"img-fluid\" alt=\"Awesome Image\">\r\n\t\t\t\t<\/div><!--item-->\r\n                \t\t\t<\/div><!--client-carousel owl-carousel owl-theme-->\r\n\t\t<\/div><!--container-->\r\n\t<\/section><!--client-section-->\r\n    \r\n      \t\t\t\t<\/div>\n\t\t\t\t<\/div>\n\t\t\t\t\t<\/div>\n\t\t<\/div>\n\t\t\t\t\t<\/div>\n\t\t<\/section>\n\t\t\t\t<\/div>\n\t\t","protected":false},"excerpt":{"rendered":"<p>SAZNAJTE Nadle\u017enosti i odgovornosti zamjenika pravobranitelja Pravobraniteljstvo ima sedam zamjenika pravobranitelja. Za zamjenika pravobranitelja mo\u017ee biti imenovana osoba koja ispunjava op\u0107e i posebne uvjete propisane Zakonom o Pravobraniteljstvu Br\u010dko distrikta [&hellip;]<\/p>\n","protected":false},"author":1,"featured_media":0,"parent":0,"menu_order":0,"comment_status":"closed","ping_status":"closed","template":"tpl-default-elementor.php","meta":{"footnotes":""},"class_list":["post-2745","page","type-page","status-publish","hentry"],"aioseo_notices":[],"_links":{"self":[{"href":"https:\/\/pravobranilastvobd.ba\/hr\/wp-json\/wp\/v2\/pages\/2745","targetHints":{"allow":["GET"]}}],"collection":[{"href":"https:\/\/pravobranilastvobd.ba\/hr\/wp-json\/wp\/v2\/pages"}],"about":[{"href":"https:\/\/pravobranilastvobd.ba\/hr\/wp-json\/wp\/v2\/types\/page"}],"author":[{"embeddable":true,"href":"https:\/\/pravobranilastvobd.ba\/hr\/wp-json\/wp\/v2\/users\/1"}],"replies":[{"embeddable":true,"href":"https:\/\/pravobranilastvobd.ba\/hr\/wp-json\/wp\/v2\/comments?post=2745"}],"version-history":[{"count":62,"href":"https:\/\/pravobranilastvobd.ba\/hr\/wp-json\/wp\/v2\/pages\/2745\/revisions"}],"predecessor-version":[{"id":3732,"href":"https:\/\/pravobranilastvobd.ba\/hr\/wp-json\/wp\/v2\/pages\/2745\/revisions\/3732"}],"wp:attachment":[{"href":"https:\/\/pravobranilastvobd.ba\/hr\/wp-json\/wp\/v2\/media?parent=2745"}],"curies":[{"name":"wp","href":"https:\/\/api.w.org\/{rel}","templated":true}]}}